{"id":104,"date":"2017-05-10T16:00:52","date_gmt":"2017-05-10T16:00:52","guid":{"rendered":"http:\/\/au3verstas.fi\/?page_id=104"},"modified":"2025-12-09T11:59:17","modified_gmt":"2025-12-09T11:59:17","slug":"yhteystiedot","status":"publish","type":"page","link":"https:\/\/au3verstas.fi\/index.php\/yhteystiedot\/","title":{"rendered":"Yhteystiedot"},"content":{"rendered":"\n<p>Au3 Verstas, Helsinki<\/p>\n\n\n\n<p>Yhteyshenkil\u00f6: Tero Hannonen<\/p>\n\n\n\n<p>Yhteydenotot ensisijaisesti s\u00e4hk\u00f6postitse<\/p>\n\n\n\n<p>info@au3verstas.fi<\/p>\n\n\n\n<p>p: 09 278 9090<\/p>\n","protected":false},"excerpt":{"rendered":"<p>Au3 Verstas, Helsinki Yhteyshenkil\u00f6: Tero Hannonen Yhteydenotot ensisijaisesti s\u00e4hk\u00f6postitse info@au3verstas.fi p: 09 278 9090<\/p>\n","protected":false},"author":1,"featured_media":0,"parent":0,"menu_order":5,"comment_status":"closed","ping_status":"closed","template":"","meta":{"footnotes":""},"_links":{"self":[{"href":"https:\/\/au3verstas.fi\/index.php\/wp-json\/wp\/v2\/pages\/104"}],"collection":[{"href":"https:\/\/au3verstas.fi\/index.php\/wp-json\/wp\/v2\/pages"}],"about":[{"href":"https:\/\/au3verstas.fi\/index.php\/wp-json\/wp\/v2\/types\/page"}],"author":[{"embeddable":true,"href":"https:\/\/au3verstas.fi\/index.php\/wp-json\/wp\/v2\/users\/1"}],"replies":[{"embeddable":true,"href":"https:\/\/au3verstas.fi\/index.php\/wp-json\/wp\/v2\/comments?post=104"}],"version-history":[{"count":8,"href":"https:\/\/au3verstas.fi\/index.php\/wp-json\/wp\/v2\/pages\/104\/revisions"}],"predecessor-version":[{"id":282,"href":"https:\/\/au3verstas.fi\/index.php\/wp-json\/wp\/v2\/pages\/104\/revisions\/282"}],"wp:attachment":[{"href":"https:\/\/au3verstas.fi\/index.php\/wp-json\/wp\/v2\/media?parent=104"}],"curies":[{"name":"wp","href":"https:\/\/api.w.org\/{rel}","templated":true}]}}