{"id":126,"date":"2017-08-31T10:52:31","date_gmt":"2017-08-31T10:52:31","guid":{"rendered":"http:\/\/au3verstas.fi\/?page_id=126"},"modified":"2025-12-09T11:52:46","modified_gmt":"2025-12-09T11:52:46","slug":"palkitsemistuotteet","status":"publish","type":"page","link":"https:\/\/au3verstas.fi\/index.php\/palkitsemistuotteet\/","title":{"rendered":"PALKITSEMISTUOTTEET"},"content":{"rendered":"<p>Valmistamme r\u00e4\u00e4t\u00e4l\u00f6ityj\u00e4 palkitsemistuotteita, kunniamerkkej\u00e4, ansiomerkkej\u00e4 ja pinssej\u00e4 esimerkiksi urheiluseuroille ja yhdistyksille. Valmistamme my\u00f6s taidemitalit ja uniikit mitalituotteet, kuten vaikkapa syntym\u00e4p\u00e4iv\u00e4mitalit tai hautamuistomitalit. Meilt\u00e4 voi tilata erikoispalkinnot, erilaiset liikelahjat, l\u00e4ksi\u00e4islahjat yritysten tai seurojen henkil\u00f6st\u00f6n palkitsemiseen ja huomioimiseen. Toteutamme mm. pienoismalleja ja pienoisveistoksia. Osaamisemme kattaa koko valmistusprosessin suunnittelusta, ty\u00f6kalunvalmistuksen kautta valmiiseen tuotteeseen. My\u00f6s haastava emalointi kuuluu osaamiseemme.<\/p>\n<p>Suunnittelemme ja valmistamme yrityksille r\u00e4\u00e4t\u00e4l\u00f6ityj\u00e4 ja personoituja tuoteratkaisuja henkil\u00f6st\u00f6lahjoista arvokkaisiin yrityslahjoihin. Au3 Verstas auttaa, kun tarvitset vaikkapa suunnittelupalveluja, ty\u00f6kalunvalmistusta, ty\u00f6kalukaiverrusta ja muita kaiverruspalveluja sek\u00e4 valmiita palkintotuotteita.<\/p>\n<div class=\"wc-gallery\"><div id='gallery-1' data-gutter-width='5' data-columns='3' class='gallery wc-gallery-captions-hide gallery-link-file gallery-grid galleryid-126 gallery-columns-3 gallery-size-medium wc-gallery-bottomspace-ten wc-gallery-gutter-5 wc-gallery-clear'><div class='gallery-item-wrapper gallery-item-position-1 gallery-item-attachment-170 gallery-item-column-1'><div class='gallery-item'>\n\t\t\t\t<div class='gallery-item-inner'>\n\t\t\t\t\t<div class='gallery-icon portrait'>\n\t\t\t\t\t\t<a href='https:\/\/au3verstas.fi\/wp-content\/uploads\/2017\/08\/2E6A0460-230x300.png' title='Au3 Verstas' target='_self'><img loading=\"lazy\" decoding=\"async\" width=\"230\" height=\"300\" src=\"https:\/\/au3verstas.fi\/wp-content\/uploads\/2017\/08\/2E6A0460-230x300.png\" class=\"attachment-medium size-medium\" alt=\"\" srcset=\"https:\/\/au3verstas.fi\/wp-content\/uploads\/2017\/08\/2E6A0460-230x300.png 230w, https:\/\/au3verstas.fi\/wp-content\/uploads\/2017\/08\/2E6A0460-768x1004.png 768w, https:\/\/au3verstas.fi\/wp-content\/uploads\/2017\/08\/2E6A0460-783x1024.png 783w, https:\/\/au3verstas.fi\/wp-content\/uploads\/2017\/08\/2E6A0460-250x327.png 250w, https:\/\/au3verstas.fi\/wp-content\/uploads\/2017\/08\/2E6A0460-550x719.png 550w, https:\/\/au3verstas.fi\/wp-content\/uploads\/2017\/08\/2E6A0460-800x1046.png 800w, https:\/\/au3verstas.fi\/wp-content\/uploads\/2017\/08\/2E6A0460-138x180.png 138w, https:\/\/au3verstas.fi\/wp-content\/uploads\/2017\/08\/2E6A0460-383x500.png 383w, https:\/\/au3verstas.fi\/wp-content\/uploads\/2017\/08\/2E6A0460.png 918w\" sizes=\"(max-width: 230px) 100vw, 230px\" \/><\/a>\n\t\t\t\t\t<\/div><\/div><\/div><\/div><div class='gallery-item-wrapper gallery-item-position-2 gallery-item-attachment-250 gallery-item-column-2'><div class='gallery-item'>\n\t\t\t\t<div class='gallery-item-inner'>\n\t\t\t\t\t<div class='gallery-icon portrait'>\n\t\t\t\t\t\t<a href='https:\/\/au3verstas.fi\/wp-content\/uploads\/2025\/12\/2E6A5502_web-250x300.jpg' title='Svenska Teatern seppele' target='_self'><img loading=\"lazy\" decoding=\"async\" width=\"250\" height=\"300\" src=\"https:\/\/au3verstas.fi\/wp-content\/uploads\/2025\/12\/2E6A5502_web-250x300.jpg\" class=\"attachment-medium size-medium\" alt=\"\" srcset=\"https:\/\/au3verstas.fi\/wp-content\/uploads\/2025\/12\/2E6A5502_web-250x300.jpg 250w, https:\/\/au3verstas.fi\/wp-content\/uploads\/2025\/12\/2E6A5502_web-768x922.jpg 768w, https:\/\/au3verstas.fi\/wp-content\/uploads\/2025\/12\/2E6A5502_web-350x420.jpg 350w, https:\/\/au3verstas.fi\/wp-content\/uploads\/2025\/12\/2E6A5502_web-550x660.jpg 550w, https:\/\/au3verstas.fi\/wp-content\/uploads\/2025\/12\/2E6A5502_web-800x960.jpg 800w, https:\/\/au3verstas.fi\/wp-content\/uploads\/2025\/12\/2E6A5502_web-150x180.jpg 150w, https:\/\/au3verstas.fi\/wp-content\/uploads\/2025\/12\/2E6A5502_web-417x500.jpg 417w, https:\/\/au3verstas.fi\/wp-content\/uploads\/2025\/12\/2E6A5502_web.jpg 833w\" sizes=\"(max-width: 250px) 100vw, 250px\" \/><\/a>\n\t\t\t\t\t<\/div><\/div><\/div><\/div><div class='gallery-item-wrapper gallery-item-position-3 gallery-item-attachment-251 gallery-item-column-3 gallery-item-last-column'><div class='gallery-item'>\n\t\t\t\t<div class='gallery-item-inner'>\n\t\t\t\t\t<div class='gallery-icon landscape'>\n\t\t\t\t\t\t<a href='https:\/\/au3verstas.fi\/wp-content\/uploads\/2025\/12\/2E6A5505_web-300x222.jpg' title='Svenska Teatern seppele' target='_self'><img loading=\"lazy\" decoding=\"async\" width=\"300\" height=\"222\" src=\"https:\/\/au3verstas.fi\/wp-content\/uploads\/2025\/12\/2E6A5505_web-300x222.jpg\" class=\"attachment-medium size-medium\" alt=\"\" srcset=\"https:\/\/au3verstas.fi\/wp-content\/uploads\/2025\/12\/2E6A5505_web-300x222.jpg 300w, https:\/\/au3verstas.fi\/wp-content\/uploads\/2025\/12\/2E6A5505_web-768x569.jpg 768w, https:\/\/au3verstas.fi\/wp-content\/uploads\/2025\/12\/2E6A5505_web-250x185.jpg 250w, https:\/\/au3verstas.fi\/wp-content\/uploads\/2025\/12\/2E6A5505_web-550x408.jpg 550w, https:\/\/au3verstas.fi\/wp-content\/uploads\/2025\/12\/2E6A5505_web-800x593.jpg 800w, https:\/\/au3verstas.fi\/wp-content\/uploads\/2025\/12\/2E6A5505_web-243x180.jpg 243w, https:\/\/au3verstas.fi\/wp-content\/uploads\/2025\/12\/2E6A5505_web-405x300.jpg 405w, https:\/\/au3verstas.fi\/wp-content\/uploads\/2025\/12\/2E6A5505_web-675x500.jpg 675w, https:\/\/au3verstas.fi\/wp-content\/uploads\/2025\/12\/2E6A5505_web.jpg 1000w\" sizes=\"(max-width: 300px) 100vw, 300px\" \/><\/a>\n\t\t\t\t\t<\/div><\/div><\/div><\/div><div class='gallery-item-wrapper gallery-item-position-4 gallery-item-attachment-253 gallery-item-column-1'><div class='gallery-item'>\n\t\t\t\t<div class='gallery-item-inner'>\n\t\t\t\t\t<div class='gallery-icon landscape'>\n\t\t\t\t\t\t<a href='https:\/\/au3verstas.fi\/wp-content\/uploads\/2025\/12\/2E6A5518_web-300x250.jpg' title='Svenska Teatern seppele' target='_self'><img loading=\"lazy\" decoding=\"async\" width=\"300\" height=\"250\" src=\"https:\/\/au3verstas.fi\/wp-content\/uploads\/2025\/12\/2E6A5518_web-300x250.jpg\" class=\"attachment-medium size-medium\" alt=\"\" srcset=\"https:\/\/au3verstas.fi\/wp-content\/uploads\/2025\/12\/2E6A5518_web-300x250.jpg 300w, https:\/\/au3verstas.fi\/wp-content\/uploads\/2025\/12\/2E6A5518_web-768x640.jpg 768w, https:\/\/au3verstas.fi\/wp-content\/uploads\/2025\/12\/2E6A5518_web-250x208.jpg 250w, https:\/\/au3verstas.fi\/wp-content\/uploads\/2025\/12\/2E6A5518_web-550x458.jpg 550w, https:\/\/au3verstas.fi\/wp-content\/uploads\/2025\/12\/2E6A5518_web-800x666.jpg 800w, https:\/\/au3verstas.fi\/wp-content\/uploads\/2025\/12\/2E6A5518_web-216x180.jpg 216w, https:\/\/au3verstas.fi\/wp-content\/uploads\/2025\/12\/2E6A5518_web-360x300.jpg 360w, https:\/\/au3verstas.fi\/wp-content\/uploads\/2025\/12\/2E6A5518_web-600x500.jpg 600w, https:\/\/au3verstas.fi\/wp-content\/uploads\/2025\/12\/2E6A5518_web.jpg 1000w\" sizes=\"(max-width: 300px) 100vw, 300px\" \/><\/a>\n\t\t\t\t\t<\/div><\/div><\/div><\/div><div class='gallery-item-wrapper gallery-item-position-5 gallery-item-attachment-259 gallery-item-column-2'><div class='gallery-item'>\n\t\t\t\t<div class='gallery-item-inner'>\n\t\t\t\t\t<div class='gallery-icon landscape'>\n\t\t\t\t\t\t<a href='https:\/\/au3verstas.fi\/wp-content\/uploads\/2025\/12\/PasiTorppa-palkinto_Au3Verstas_E6A8002_web-300x300.jpg' title='PasiTorppa-palkinto_Au3Verstas_E6A8002_web' target='_self'><img loading=\"lazy\" decoding=\"async\" width=\"300\" height=\"300\" src=\"https:\/\/au3verstas.fi\/wp-content\/uploads\/2025\/12\/PasiTorppa-palkinto_Au3Verstas_E6A8002_web-300x300.jpg\" class=\"attachment-medium size-medium\" alt=\"\" srcset=\"https:\/\/au3verstas.fi\/wp-content\/uploads\/2025\/12\/PasiTorppa-palkinto_Au3Verstas_E6A8002_web-300x300.jpg 300w, https:\/\/au3verstas.fi\/wp-content\/uploads\/2025\/12\/PasiTorppa-palkinto_Au3Verstas_E6A8002_web-1024x1024.jpg 1024w, https:\/\/au3verstas.fi\/wp-content\/uploads\/2025\/12\/PasiTorppa-palkinto_Au3Verstas_E6A8002_web-150x150.jpg 150w, https:\/\/au3verstas.fi\/wp-content\/uploads\/2025\/12\/PasiTorppa-palkinto_Au3Verstas_E6A8002_web-768x768.jpg 768w, https:\/\/au3verstas.fi\/wp-content\/uploads\/2025\/12\/PasiTorppa-palkinto_Au3Verstas_E6A8002_web-1536x1536.jpg 1536w, https:\/\/au3verstas.fi\/wp-content\/uploads\/2025\/12\/PasiTorppa-palkinto_Au3Verstas_E6A8002_web-400x400.jpg 400w, https:\/\/au3verstas.fi\/wp-content\/uploads\/2025\/12\/PasiTorppa-palkinto_Au3Verstas_E6A8002_web-100x100.jpg 100w, https:\/\/au3verstas.fi\/wp-content\/uploads\/2025\/12\/PasiTorppa-palkinto_Au3Verstas_E6A8002_web-48x48.jpg 48w, https:\/\/au3verstas.fi\/wp-content\/uploads\/2025\/12\/PasiTorppa-palkinto_Au3Verstas_E6A8002_web-250x250.jpg 250w, https:\/\/au3verstas.fi\/wp-content\/uploads\/2025\/12\/PasiTorppa-palkinto_Au3Verstas_E6A8002_web-550x550.jpg 550w, https:\/\/au3verstas.fi\/wp-content\/uploads\/2025\/12\/PasiTorppa-palkinto_Au3Verstas_E6A8002_web-800x800.jpg 800w, https:\/\/au3verstas.fi\/wp-content\/uploads\/2025\/12\/PasiTorppa-palkinto_Au3Verstas_E6A8002_web-180x180.jpg 180w, https:\/\/au3verstas.fi\/wp-content\/uploads\/2025\/12\/PasiTorppa-palkinto_Au3Verstas_E6A8002_web-500x500.jpg 500w, https:\/\/au3verstas.fi\/wp-content\/uploads\/2025\/12\/PasiTorppa-palkinto_Au3Verstas_E6A8002_web.jpg 2000w\" sizes=\"(max-width: 300px) 100vw, 300px\" \/><\/a>\n\t\t\t\t\t<\/div><\/div><\/div><\/div><div class='gallery-item-wrapper gallery-item-position-6 gallery-item-attachment-260 gallery-item-column-3 gallery-item-last-column'><div class='gallery-item'>\n\t\t\t\t<div class='gallery-item-inner'>\n\t\t\t\t\t<div class='gallery-icon landscape'>\n\t\t\t\t\t\t<a href='https:\/\/au3verstas.fi\/wp-content\/uploads\/2025\/12\/PasiTorppa-palkinto_Au3Verstas_E6A8026_web-300x300.jpg' title='PasiTorppa-palkinto_Au3Verstas_E6A8026_web' target='_self'><img loading=\"lazy\" decoding=\"async\" width=\"300\" height=\"300\" src=\"https:\/\/au3verstas.fi\/wp-content\/uploads\/2025\/12\/PasiTorppa-palkinto_Au3Verstas_E6A8026_web-300x300.jpg\" class=\"attachment-medium size-medium\" alt=\"\" srcset=\"https:\/\/au3verstas.fi\/wp-content\/uploads\/2025\/12\/PasiTorppa-palkinto_Au3Verstas_E6A8026_web-300x300.jpg 300w, https:\/\/au3verstas.fi\/wp-content\/uploads\/2025\/12\/PasiTorppa-palkinto_Au3Verstas_E6A8026_web-1024x1024.jpg 1024w, https:\/\/au3verstas.fi\/wp-content\/uploads\/2025\/12\/PasiTorppa-palkinto_Au3Verstas_E6A8026_web-150x150.jpg 150w, https:\/\/au3verstas.fi\/wp-content\/uploads\/2025\/12\/PasiTorppa-palkinto_Au3Verstas_E6A8026_web-768x768.jpg 768w, https:\/\/au3verstas.fi\/wp-content\/uploads\/2025\/12\/PasiTorppa-palkinto_Au3Verstas_E6A8026_web-1536x1536.jpg 1536w, https:\/\/au3verstas.fi\/wp-content\/uploads\/2025\/12\/PasiTorppa-palkinto_Au3Verstas_E6A8026_web-400x400.jpg 400w, https:\/\/au3verstas.fi\/wp-content\/uploads\/2025\/12\/PasiTorppa-palkinto_Au3Verstas_E6A8026_web-100x100.jpg 100w, https:\/\/au3verstas.fi\/wp-content\/uploads\/2025\/12\/PasiTorppa-palkinto_Au3Verstas_E6A8026_web-48x48.jpg 48w, https:\/\/au3verstas.fi\/wp-content\/uploads\/2025\/12\/PasiTorppa-palkinto_Au3Verstas_E6A8026_web-250x250.jpg 250w, https:\/\/au3verstas.fi\/wp-content\/uploads\/2025\/12\/PasiTorppa-palkinto_Au3Verstas_E6A8026_web-550x550.jpg 550w, https:\/\/au3verstas.fi\/wp-content\/uploads\/2025\/12\/PasiTorppa-palkinto_Au3Verstas_E6A8026_web-800x800.jpg 800w, https:\/\/au3verstas.fi\/wp-content\/uploads\/2025\/12\/PasiTorppa-palkinto_Au3Verstas_E6A8026_web-180x180.jpg 180w, https:\/\/au3verstas.fi\/wp-content\/uploads\/2025\/12\/PasiTorppa-palkinto_Au3Verstas_E6A8026_web-500x500.jpg 500w, https:\/\/au3verstas.fi\/wp-content\/uploads\/2025\/12\/PasiTorppa-palkinto_Au3Verstas_E6A8026_web.jpg 2000w\" sizes=\"(max-width: 300px) 100vw, 300px\" \/><\/a>\n\t\t\t\t\t<\/div><\/div><\/div><\/div><div class='gallery-item-wrapper gallery-item-position-7 gallery-item-attachment-155 gallery-item-column-1'><div class='gallery-item'>\n\t\t\t\t<div class='gallery-item-inner'>\n\t\t\t\t\t<div class='gallery-icon landscape'>\n\t\t\t\t\t\t<a href='https:\/\/au3verstas.fi\/wp-content\/uploads\/2017\/08\/2E6A0296-2-300x237.png' title='Au3 Verstas mitalit kunniamerkit' target='_self'><img loading=\"lazy\" decoding=\"async\" width=\"300\" height=\"237\" src=\"https:\/\/au3verstas.fi\/wp-content\/uploads\/2017\/08\/2E6A0296-2-300x237.png\" class=\"attachment-medium size-medium\" alt=\"\" srcset=\"https:\/\/au3verstas.fi\/wp-content\/uploads\/2017\/08\/2E6A0296-2-300x237.png 300w, https:\/\/au3verstas.fi\/wp-content\/uploads\/2017\/08\/2E6A0296-2-768x606.png 768w, https:\/\/au3verstas.fi\/wp-content\/uploads\/2017\/08\/2E6A0296-2-1024x808.png 1024w, https:\/\/au3verstas.fi\/wp-content\/uploads\/2017\/08\/2E6A0296-2-250x197.png 250w, https:\/\/au3verstas.fi\/wp-content\/uploads\/2017\/08\/2E6A0296-2-550x434.png 550w, https:\/\/au3verstas.fi\/wp-content\/uploads\/2017\/08\/2E6A0296-2-800x632.png 800w, https:\/\/au3verstas.fi\/wp-content\/uploads\/2017\/08\/2E6A0296-2-228x180.png 228w, https:\/\/au3verstas.fi\/wp-content\/uploads\/2017\/08\/2E6A0296-2-380x300.png 380w, https:\/\/au3verstas.fi\/wp-content\/uploads\/2017\/08\/2E6A0296-2-633x500.png 633w, https:\/\/au3verstas.fi\/wp-content\/uploads\/2017\/08\/2E6A0296-2.png 1520w\" sizes=\"(max-width: 300px) 100vw, 300px\" \/><\/a>\n\t\t\t\t\t<\/div><\/div><\/div><\/div><\/div>\n<\/div>\n","protected":false},"excerpt":{"rendered":"<p>Valmistamme r\u00e4\u00e4t\u00e4l\u00f6ityj\u00e4 palkitsemistuotteita, kunniamerkkej\u00e4, ansiomerkkej\u00e4 ja pinssej\u00e4 esimerkiksi urheiluseuroille ja yhdistyksille. Valmistamme my\u00f6s taidemitalit ja uniikit mitalituotteet, kuten vaikkapa syntym\u00e4p\u00e4iv\u00e4mitalit tai hautamuistomitalit. Meilt\u00e4 voi tilata erikoispalkinnot, erilaiset liikelahjat, l\u00e4ksi\u00e4islahjat yritysten tai seurojen henkil\u00f6st\u00f6n palkitsemiseen ja huomioimiseen. Toteutamme mm. pienoismalleja ja pienoisveistoksia. Osaamisemme kattaa koko valmistusprosessin suunnittelusta, ty\u00f6kalunvalmistuksen kautta valmiiseen tuotteeseen. My\u00f6s haastava emalointi kuuluu osaamiseemme. [&hellip;]<\/p>\n","protected":false},"author":1,"featured_media":0,"parent":0,"menu_order":2,"comment_status":"closed","ping_status":"closed","template":"","meta":{"footnotes":""},"_links":{"self":[{"href":"https:\/\/au3verstas.fi\/index.php\/wp-json\/wp\/v2\/pages\/126"}],"collection":[{"href":"https:\/\/au3verstas.fi\/index.php\/wp-json\/wp\/v2\/pages"}],"about":[{"href":"https:\/\/au3verstas.fi\/index.php\/wp-json\/wp\/v2\/types\/page"}],"author":[{"embeddable":true,"href":"https:\/\/au3verstas.fi\/index.php\/wp-json\/wp\/v2\/users\/1"}],"replies":[{"embeddable":true,"href":"https:\/\/au3verstas.fi\/index.php\/wp-json\/wp\/v2\/comments?post=126"}],"version-history":[{"count":26,"href":"https:\/\/au3verstas.fi\/index.php\/wp-json\/wp\/v2\/pages\/126\/revisions"}],"predecessor-version":[{"id":277,"href":"https:\/\/au3verstas.fi\/index.php\/wp-json\/wp\/v2\/pages\/126\/revisions\/277"}],"wp:attachment":[{"href":"https:\/\/au3verstas.fi\/index.php\/wp-json\/wp\/v2\/media?parent=126"}],"curies":[{"name":"wp","href":"https:\/\/api.w.org\/{rel}","templated":true}]}}