{"id":128,"date":"2017-08-31T10:53:18","date_gmt":"2017-08-31T10:53:18","guid":{"rendered":"http:\/\/au3verstas.fi\/?page_id=128"},"modified":"2025-12-09T14:26:38","modified_gmt":"2025-12-09T12:26:38","slug":"kaivertamo","status":"publish","type":"page","link":"https:\/\/au3verstas.fi\/index.php\/kaivertamo\/","title":{"rendered":"KAIVERTAMO"},"content":{"rendered":"<p>Kaivertamomme palvelee merkkausty\u00f6kalukaiverruksesta haastaviin kaiverrust\u00f6ihin. Asiakkaamme ovat mikroyrityksist\u00e4 suuryrityksiin. Huipputarkalla neliakselisella kaiverruskoneellamme syntyy mm. polttorautoja, stansseja, leimasimia ja meistej\u00e4. Pystymme kaivertamaan my\u00f6s esimerkiksi kiekkomaisia leimasinrullia ter\u00e4kselle.\u00a0<\/p>\n<div class=\"wc-gallery\"><div id='gallery-1' data-gutter-width='5' data-columns='3' class='gallery wc-gallery-captions-onhover gallery-link-file gallery-grid galleryid-128 gallery-columns-3 gallery-size-medium wc-gallery-bottomspace-ten wc-gallery-gutter-5 wc-gallery-clear'><div class='gallery-item-wrapper gallery-item-position-1 gallery-item-attachment-176 gallery-item-column-1'><div class='gallery-item'>\n\t\t\t\t<div class='gallery-item-inner'>\n\t\t\t\t\t<div class='gallery-icon landscape'>\n\t\t\t\t\t\t<a href='https:\/\/au3verstas.fi\/wp-content\/uploads\/2017\/08\/2E6A0343-300x150.png' title='Au3 Verstas kaivertamotuotteet' target='_self'><img loading=\"lazy\" decoding=\"async\" width=\"300\" height=\"150\" src=\"https:\/\/au3verstas.fi\/wp-content\/uploads\/2017\/08\/2E6A0343-300x150.png\" class=\"attachment-medium size-medium\" alt=\"\" srcset=\"https:\/\/au3verstas.fi\/wp-content\/uploads\/2017\/08\/2E6A0343-300x150.png 300w, https:\/\/au3verstas.fi\/wp-content\/uploads\/2017\/08\/2E6A0343-768x383.png 768w, https:\/\/au3verstas.fi\/wp-content\/uploads\/2017\/08\/2E6A0343-1024x510.png 1024w, https:\/\/au3verstas.fi\/wp-content\/uploads\/2017\/08\/2E6A0343-720x360.png 720w, https:\/\/au3verstas.fi\/wp-content\/uploads\/2017\/08\/2E6A0343-250x125.png 250w, https:\/\/au3verstas.fi\/wp-content\/uploads\/2017\/08\/2E6A0343-550x274.png 550w, https:\/\/au3verstas.fi\/wp-content\/uploads\/2017\/08\/2E6A0343-800x399.png 800w, https:\/\/au3verstas.fi\/wp-content\/uploads\/2017\/08\/2E6A0343-361x180.png 361w, https:\/\/au3verstas.fi\/wp-content\/uploads\/2017\/08\/2E6A0343-602x300.png 602w, https:\/\/au3verstas.fi\/wp-content\/uploads\/2017\/08\/2E6A0343-1003x500.png 1003w, https:\/\/au3verstas.fi\/wp-content\/uploads\/2017\/08\/2E6A0343.png 1800w\" sizes=\"(max-width: 300px) 100vw, 300px\" \/><\/a>\n\t\t\t\t\t<\/div><\/div><\/div><\/div><div class='gallery-item-wrapper gallery-item-position-2 gallery-item-attachment-265 gallery-item-column-2'><div class='gallery-item'>\n\t\t\t\t<div class='gallery-item-inner'>\n\t\t\t\t\t<div class='gallery-icon landscape'>\n\t\t\t\t\t\t<a href='https:\/\/au3verstas.fi\/wp-content\/uploads\/2025\/12\/leima001_Au3Verstas_2024-300x138.jpg' title='leima001_Au3Verstas_2024' target='_self'><img loading=\"lazy\" decoding=\"async\" width=\"300\" height=\"138\" src=\"https:\/\/au3verstas.fi\/wp-content\/uploads\/2025\/12\/leima001_Au3Verstas_2024-300x138.jpg\" class=\"attachment-medium size-medium\" alt=\"\" srcset=\"https:\/\/au3verstas.fi\/wp-content\/uploads\/2025\/12\/leima001_Au3Verstas_2024-300x138.jpg 300w, https:\/\/au3verstas.fi\/wp-content\/uploads\/2025\/12\/leima001_Au3Verstas_2024-1024x472.jpg 1024w, https:\/\/au3verstas.fi\/wp-content\/uploads\/2025\/12\/leima001_Au3Verstas_2024-768x354.jpg 768w, https:\/\/au3verstas.fi\/wp-content\/uploads\/2025\/12\/leima001_Au3Verstas_2024-1536x708.jpg 1536w, https:\/\/au3verstas.fi\/wp-content\/uploads\/2025\/12\/leima001_Au3Verstas_2024-250x115.jpg 250w, https:\/\/au3verstas.fi\/wp-content\/uploads\/2025\/12\/leima001_Au3Verstas_2024-550x253.jpg 550w, https:\/\/au3verstas.fi\/wp-content\/uploads\/2025\/12\/leima001_Au3Verstas_2024-800x369.jpg 800w, https:\/\/au3verstas.fi\/wp-content\/uploads\/2025\/12\/leima001_Au3Verstas_2024-391x180.jpg 391w, https:\/\/au3verstas.fi\/wp-content\/uploads\/2025\/12\/leima001_Au3Verstas_2024-651x300.jpg 651w, https:\/\/au3verstas.fi\/wp-content\/uploads\/2025\/12\/leima001_Au3Verstas_2024-1085x500.jpg 1085w, https:\/\/au3verstas.fi\/wp-content\/uploads\/2025\/12\/leima001_Au3Verstas_2024.jpg 1600w\" sizes=\"(max-width: 300px) 100vw, 300px\" \/><\/a>\n\t\t\t\t\t<\/div><\/div><\/div><\/div><div class='gallery-item-wrapper gallery-item-position-3 gallery-item-attachment-173 gallery-item-column-3 gallery-item-last-column'><div class='gallery-item'>\n\t\t\t\t<div class='gallery-item-inner'>\n\t\t\t\t\t<div class='gallery-icon landscape'>\n\t\t\t\t\t\t<a href='https:\/\/au3verstas.fi\/wp-content\/uploads\/2017\/08\/2E6A0329-300x200.png' title='Au3 Verstas kaivertamotuotteet' target='_self'><img loading=\"lazy\" decoding=\"async\" width=\"300\" height=\"200\" src=\"https:\/\/au3verstas.fi\/wp-content\/uploads\/2017\/08\/2E6A0329-300x200.png\" class=\"attachment-medium size-medium\" alt=\"\" srcset=\"https:\/\/au3verstas.fi\/wp-content\/uploads\/2017\/08\/2E6A0329-300x200.png 300w, https:\/\/au3verstas.fi\/wp-content\/uploads\/2017\/08\/2E6A0329-768x512.png 768w, https:\/\/au3verstas.fi\/wp-content\/uploads\/2017\/08\/2E6A0329-1024x683.png 1024w, https:\/\/au3verstas.fi\/wp-content\/uploads\/2017\/08\/2E6A0329-250x167.png 250w, https:\/\/au3verstas.fi\/wp-content\/uploads\/2017\/08\/2E6A0329-550x367.png 550w, https:\/\/au3verstas.fi\/wp-content\/uploads\/2017\/08\/2E6A0329-800x533.png 800w, https:\/\/au3verstas.fi\/wp-content\/uploads\/2017\/08\/2E6A0329-270x180.png 270w, https:\/\/au3verstas.fi\/wp-content\/uploads\/2017\/08\/2E6A0329-450x300.png 450w, https:\/\/au3verstas.fi\/wp-content\/uploads\/2017\/08\/2E6A0329-750x500.png 750w, https:\/\/au3verstas.fi\/wp-content\/uploads\/2017\/08\/2E6A0329.png 1800w\" sizes=\"(max-width: 300px) 100vw, 300px\" \/><\/a>\n\t\t\t\t\t<\/div><\/div><\/div><\/div><div class='gallery-item-wrapper gallery-item-position-4 gallery-item-attachment-189 gallery-item-column-1'><div class='gallery-item'>\n\t\t\t\t<div class='gallery-item-inner'>\n\t\t\t\t\t<div class='gallery-icon landscape'>\n\t\t\t\t\t\t<a href='https:\/\/au3verstas.fi\/wp-content\/uploads\/2017\/12\/PekkaKauhasenValontuoja_DSC_0010-300x169.jpg' title='Pekka Kauhasen Valon tuoja 2017' target='_self'><img loading=\"lazy\" decoding=\"async\" width=\"300\" height=\"169\" src=\"https:\/\/au3verstas.fi\/wp-content\/uploads\/2017\/12\/PekkaKauhasenValontuoja_DSC_0010-300x169.jpg\" class=\"attachment-medium size-medium\" alt=\"\" srcset=\"https:\/\/au3verstas.fi\/wp-content\/uploads\/2017\/12\/PekkaKauhasenValontuoja_DSC_0010-300x169.jpg 300w, https:\/\/au3verstas.fi\/wp-content\/uploads\/2017\/12\/PekkaKauhasenValontuoja_DSC_0010-768x432.jpg 768w, https:\/\/au3verstas.fi\/wp-content\/uploads\/2017\/12\/PekkaKauhasenValontuoja_DSC_0010-250x141.jpg 250w, https:\/\/au3verstas.fi\/wp-content\/uploads\/2017\/12\/PekkaKauhasenValontuoja_DSC_0010-550x309.jpg 550w, https:\/\/au3verstas.fi\/wp-content\/uploads\/2017\/12\/PekkaKauhasenValontuoja_DSC_0010.jpg 800w, https:\/\/au3verstas.fi\/wp-content\/uploads\/2017\/12\/PekkaKauhasenValontuoja_DSC_0010-320x180.jpg 320w, https:\/\/au3verstas.fi\/wp-content\/uploads\/2017\/12\/PekkaKauhasenValontuoja_DSC_0010-533x300.jpg 533w\" sizes=\"(max-width: 300px) 100vw, 300px\" \/><\/a>\n\t\t\t\t\t<\/div>\n\t\t\t\t\t\t\t<div class='wp-caption-text gallery-caption'>\n\t\t\t\t\t\t\t\t<p>\n\t\t\t\t\t\t\t\tKaiverrusty\u00f6 -Taiteilija Pekka Kauhasen julkinen teos Valon tuoja\n\t\t\t\t\t\t\t\t<\/p>\n\t\t\t\t\t\t\t<\/div><\/div><\/div><\/div><div class='gallery-item-wrapper gallery-item-position-5 gallery-item-attachment-187 gallery-item-column-2'><div class='gallery-item'>\n\t\t\t\t<div class='gallery-item-inner'>\n\t\t\t\t\t<div class='gallery-icon landscape'>\n\t\t\t\t\t\t<a href='https:\/\/au3verstas.fi\/wp-content\/uploads\/2017\/12\/PekkaKauhasenValontuoja_DSC_0009-300x169.jpg' title='Taiteilija Pekka Kauhasen Valon tuoja 2017' target='_self'><img loading=\"lazy\" decoding=\"async\" width=\"300\" height=\"169\" src=\"https:\/\/au3verstas.fi\/wp-content\/uploads\/2017\/12\/PekkaKauhasenValontuoja_DSC_0009-300x169.jpg\" class=\"attachment-medium size-medium\" alt=\"\" srcset=\"https:\/\/au3verstas.fi\/wp-content\/uploads\/2017\/12\/PekkaKauhasenValontuoja_DSC_0009-300x169.jpg 300w, https:\/\/au3verstas.fi\/wp-content\/uploads\/2017\/12\/PekkaKauhasenValontuoja_DSC_0009-768x432.jpg 768w, https:\/\/au3verstas.fi\/wp-content\/uploads\/2017\/12\/PekkaKauhasenValontuoja_DSC_0009-1024x576.jpg 1024w, https:\/\/au3verstas.fi\/wp-content\/uploads\/2017\/12\/PekkaKauhasenValontuoja_DSC_0009-250x141.jpg 250w, https:\/\/au3verstas.fi\/wp-content\/uploads\/2017\/12\/PekkaKauhasenValontuoja_DSC_0009-550x309.jpg 550w, https:\/\/au3verstas.fi\/wp-content\/uploads\/2017\/12\/PekkaKauhasenValontuoja_DSC_0009-800x450.jpg 800w, https:\/\/au3verstas.fi\/wp-content\/uploads\/2017\/12\/PekkaKauhasenValontuoja_DSC_0009-320x180.jpg 320w, https:\/\/au3verstas.fi\/wp-content\/uploads\/2017\/12\/PekkaKauhasenValontuoja_DSC_0009-533x300.jpg 533w, https:\/\/au3verstas.fi\/wp-content\/uploads\/2017\/12\/PekkaKauhasenValontuoja_DSC_0009-889x500.jpg 889w, https:\/\/au3verstas.fi\/wp-content\/uploads\/2017\/12\/PekkaKauhasenValontuoja_DSC_0009.jpg 1500w\" sizes=\"(max-width: 300px) 100vw, 300px\" \/><\/a>\n\t\t\t\t\t<\/div>\n\t\t\t\t\t\t\t<div class='wp-caption-text gallery-caption'>\n\t\t\t\t\t\t\t\t<p>\n\t\t\t\t\t\t\t\tKaiverrusty\u00f6 -Taiteilija Pekka Kauhasen julkinen teos Valon tuoja\n\t\t\t\t\t\t\t\t<\/p>\n\t\t\t\t\t\t\t<\/div><\/div><\/div><\/div><\/div>\n<\/div>\n\n\n<hr class=\"wp-block-separator has-alpha-channel-opacity\"\/>\n\n\n\n<h2 class=\"wp-block-heading\">Jalometallileimat<\/h2>\n\n\n\n<p>Valmistamme kaiken tyyppisi\u00e4 jalometallileimoja perusleimoista lanka- ja lenkkileimoihin. Pienin leimakoko on korkeudeltaan 0,6mm yleisten leimakokojen ollessa 0,8-1mm. <\/p>\n\n\n\n<p>Tavallisimmat uppo- ja viivaleimat ovat saatavana my\u00f6s konep\u00e4\u00e4ll\u00e4 tai esimerkiksi kaarevana sarjaleimana.<\/p>\n","protected":false},"excerpt":{"rendered":"<p>Kaivertamomme palvelee merkkausty\u00f6kalukaiverruksesta haastaviin kaiverrust\u00f6ihin. Asiakkaamme ovat mikroyrityksist\u00e4 suuryrityksiin. Huipputarkalla neliakselisella kaiverruskoneellamme syntyy mm. polttorautoja, stansseja, leimasimia ja meistej\u00e4. Pystymme kaivertamaan my\u00f6s esimerkiksi kiekkomaisia leimasinrullia ter\u00e4kselle.\u00a0 Jalometallileimat Valmistamme kaiken tyyppisi\u00e4 jalometallileimoja perusleimoista lanka- ja lenkkileimoihin. Pienin leimakoko on korkeudeltaan 0,6mm yleisten leimakokojen ollessa 0,8-1mm. Tavallisimmat uppo- ja viivaleimat ovat saatavana my\u00f6s konep\u00e4\u00e4ll\u00e4 tai esimerkiksi kaarevana [&hellip;]<\/p>\n","protected":false},"author":1,"featured_media":0,"parent":0,"menu_order":3,"comment_status":"closed","ping_status":"closed","template":"","meta":{"footnotes":""},"_links":{"self":[{"href":"https:\/\/au3verstas.fi\/index.php\/wp-json\/wp\/v2\/pages\/128"}],"collection":[{"href":"https:\/\/au3verstas.fi\/index.php\/wp-json\/wp\/v2\/pages"}],"about":[{"href":"https:\/\/au3verstas.fi\/index.php\/wp-json\/wp\/v2\/types\/page"}],"author":[{"embeddable":true,"href":"https:\/\/au3verstas.fi\/index.php\/wp-json\/wp\/v2\/users\/1"}],"replies":[{"embeddable":true,"href":"https:\/\/au3verstas.fi\/index.php\/wp-json\/wp\/v2\/comments?post=128"}],"version-history":[{"count":16,"href":"https:\/\/au3verstas.fi\/index.php\/wp-json\/wp\/v2\/pages\/128\/revisions"}],"predecessor-version":[{"id":293,"href":"https:\/\/au3verstas.fi\/index.php\/wp-json\/wp\/v2\/pages\/128\/revisions\/293"}],"wp:attachment":[{"href":"https:\/\/au3verstas.fi\/index.php\/wp-json\/wp\/v2\/media?parent=128"}],"curies":[{"name":"wp","href":"https:\/\/api.w.org\/{rel}","templated":true}]}}